{"id":31,"date":"2017-07-14T23:27:36","date_gmt":"2017-07-14T23:27:36","guid":{"rendered":"https:\/\/mujerdelreino.co\/?page_id=31"},"modified":"2017-07-14T23:27:36","modified_gmt":"2017-07-14T23:27:36","slug":"nuestra-mision-un-enlace","status":"publish","type":"page","link":"https:\/\/mujerdelreino.co\/?page_id=31","title":{"rendered":"Nuestra Mision &#8211; Un Enlace"},"content":{"rendered":"<div class=\"entry-header has-post-format\">\n<h2 itemprop=\"name\">Our Mission &#8211; A Network<\/h2>\n<\/div>\n<div itemprop=\"articleBody\">\n<p><strong>REACH, NETWORK with, EQUIP, INSPIRE, ENCOURAGE KINGDOM WOMEN from every Nation around the World who are called to the Kingdom of God for such a time as this, TO MAKE A DIFFERENCE &amp; MARK HISTORY, AS GOD WILLS!<\/strong><\/p>\n<ul>\n<li><strong>Women&nbsp;<\/strong>with the Heart &nbsp;&amp; Love of Our Heavenly Father<\/li>\n<li>Women who are not ashamed of the Gospel of Jesus Christ<\/li>\n<li>Women who are EMPOWERED &amp; EQUIPPED by the Holy Spirit of God<\/li>\n<li>Women who are Called to CHANGE THE WORLD&nbsp;<\/li>\n<li>Women who are Resolute, Determined, Focused, SOLD OUT FOR JESUS<\/li>\n<li>Women WORSHIPERS OF JESUS IN SPIRIT &amp; IN TRUTH<\/li>\n<li>Women Who are about THE FATHER&#8217;S BUSINESS<\/li>\n<li>Women Who do not compromise GOD&#8217;s Truth<\/li>\n<\/ul>\n<p><strong>Dear WOMAN, YOU WHO ARE NOW LIVING ON THIS EARTH,<\/strong>&nbsp;GOD IS CALLING YOU TO COME TO HIM THROUGH CHRIST JESUS AND GIVE HIM YOUR HEART AND LIFE BECAUSE HE HAS AN AMAZING PURPOSE &amp; DESTINY FOR YOUR LIFE. YOU WERE BORN AND BROUGHT TO THE KINGDOM OF GOD FOR THIS HOUR AND GENERATION.<\/p>\n<p><strong>YOU HAVE AN ASSIGNMENT TO FULFILL ON THIS EARTH,<\/strong>&nbsp;IT IS FOUND IN CHRIST JESUS, AND IT DOES NOT MATTER WHAT NATION YOU LIVE IN, OR WHAT YOUR STATUS IN SOCIETY IS, THERE IS A TREMENDOUS CALL UPON YOUR LIFE, AND HE IS CALLING YOU TO TAKE YOUR RIGHTLY PLACE, FOR A GREAT ARMY OF WOMEN ARE RISING UP AND COMING TO THE FRONTLINES OF GOD&#8217;S GREATEST MOVE, OUTPOURING OF HIS SPIRIT &amp; GLORY.<\/p>\n<ul>\n<li>BELIEVE FOR YOUR LIFE<\/li>\n<li>BELIEVE IT FOR YOUR FAMILY &amp; DESCENDANTS<\/li>\n<li>BELIEVE IT FOR YOUR WORLD, YOUR NATION, YOUR CITY<\/li>\n<li>BELIEVE IT FOR THE ENTIRE WORLD<\/li>\n<\/ul>\n<p><strong>YOU CAN &amp; WILL MARK HISTORY<\/strong>&#8230;<strong><em>&nbsp;YOU CAN DO ALL THINGS THROUGH CHRIST WHO STRENGTHENS YOU!<\/em><\/strong><\/p>\n<p><strong>JOIN THIS NETWORK OF WOMEN &amp; KINGDOM RESOURCES &amp; MAY THE BRIDE OF CHRIST, THE CHURCH ARISE, GLORIOUSLY RULING &amp; REIGHNING ON THIS EARTH AS YOU DO YOUR PART!<\/strong><\/p>\n<p>Love You&#8230;You can do it&#8230;I KNOW YOU CAN!<\/p>\n<p><strong>PL-Faith \ud83d\ude42<\/strong><\/p>\n<p><em><strong>*Teachings (in any form: audio, video, written), Logos, Site &amp; Ministries&#8217; Names &#8211; All TM &amp; All Rights Reserved<\/strong><\/em><\/p>\n<p>&nbsp;<\/p>\n<p>Nuestra Misi\u00f3n &#8211; Un Enlace<\/p>\n<p>Alcanzar y Desarollar un Enlace a nivel Global para: Equipar, Inspirar, Alientar a Mujeres del Reino&nbsp;de cada Naci\u00f3n alrededor del Mundo que son llamadas al Reino de Dios para un tiempo como este, HACER UNA DIFERENCIA Y MARCAR HISTORIA, COMO DIOS QUIERE!<\/p>\n<div>Mujeres con el coraz\u00f3n y el amor de nuestro Padre Celestial<\/div>\n<div>Mujeres que no se averg\u00fcenzan del Evangelio de Jesucristo<\/div>\n<div>Mujeres que son EMPODERADAS Y EQUIPADAS por el Esp\u00edritu Santo de Dios<\/div>\n<div>Mujeres que son llamadas a CAMBIAR EL MUNDO<\/div>\n<div>Mujeres Resolutas, Determinadas, Enfocadas, Entregadas a JES\u00daS<\/div>\n<div>Mujeres ADORADORAS DE JES\u00daS EN ESP\u00cdRITU Y EN VERDAD<\/div>\n<div>Mujeres que atienden los negocios del Padre<\/div>\n<div>Mujeres que no comprometen la verdad de DIOS<\/div>\n<div>Querida MUJER, Tu QUE EST\u00c1S VIVIENDO EN ESTA TIERRA, DIOS TeLLAMA PARA QUE VENGAS A \u00c9L A TRAV\u00c9S DE CRISTO JES\u00daS Y LE DES STU CORAZ\u00d3N Y VIDA PORQUE TIENE UN PROP\u00d3SITO MARAVILLOSO Y DESTINO PARA TU VIDA. ERES NACIDA Y TRAIDA AL REINO DE DIOS PARA ESTA HORA Y GENERACI\u00d3N.<\/div>\n<div>&nbsp;<\/div>\n<div>TU TIENES UNA ASIGNACI\u00d3N PARA CUMPLIR EN ESTA TIERRA, SE ENCUENTRA EN CRISTO JES\u00daS, Y NO IMPORTA EN QU\u00c9 NACI\u00d3N VIVES O EN ELESTADO EN LA SOCIEDAD, HAY UNA LLAMADO TREMENDO SOBRE TU VIDA, Y TE ESTA LLAMANDO PARA TOMAR TU LUGAR CORRECTAMENTE, PORQUE UN GRAN EJERCITO DE MUJERES EST\u00c1 LEVANTANDOSE Y VIENEN AL FRENTE EN EL M\u00c1S GRANDE MOVIMIENTO DE DIOS, EL DERRAMAMIENTO DE SU ESP\u00cdRITU Y GLORIA.<\/div>\n<div>&nbsp;<\/div>\n<div>CREELO PARA TU VIDA<\/div>\n<div>CREELO PARA TU FAMILIA Y DESCENDIENTES<\/div>\n<div>CREELO PARA TU MUNDO, TU NACION, TU CIUDAD<\/div>\n<div>CREELO PARA TODO EL MUNDO<\/div>\n<div>TU PUEDES Y MARCAR\u00c1S HISTORIA &nbsp;\u00a1TU PUEDES HACER TODAS LAS COSAS A TRAV\u00c9S DE CRISTO QUE TE FORTALECE!<\/div>\n<div>&nbsp;<\/div>\n<div>\u00a1\u00daNETE A ESTA RED DE MUJERES Y RECURSOS DEL REINO!<\/div>\n<div>&nbsp;<\/div>\n<div>Te amo &#8230; Puedes hacerlo &#8230; \u00a1S\u00e9 que puedes!<\/div>\n<div>&nbsp;<\/div>\n<div>PL-Faith \ud83d\ude42<\/div>\n<div>&nbsp;<\/div>\n<div>* Ense\u00f1anzas (en cualquier forma: audio, video, escrito), Logos, Sitio y Nombres de los Ministerios &#8211; Todos los TM &amp; All Rights Reserved<\/div>\n<\/div>\n","protected":false},"excerpt":{"rendered":"<p>Our Mission &#8211; A Network REACH, NETWORK with, EQUIP, INSPIRE, ENCOURAGE KINGDOM WOMEN from every Nation around the World who are called to the Kingdom of God for such a time as this, TO MAKE A DIFFERENCE &amp; MARK HISTORY, AS GOD WILLS! Women&nbsp;with the Heart &nbsp;&amp; Love of Our Heavenly Father Women who are&#8230;<\/p>\n","protected":false},"author":1,"featured_media":0,"parent":0,"menu_order":0,"comment_status":"closed","ping_status":"closed","template":"","meta":{"_kad_post_transparent":"","_kad_post_title":"","_kad_post_layout":"","_kad_post_sidebar_id":"","_kad_post_content_style":"","_kad_post_vertical_padding":"","_kad_post_feature":"","_kad_post_feature_position":"","_kad_post_header":false,"_kad_post_footer":false,"_kad_post_classname":"","footnotes":""},"class_list":["post-31","page","type-page","status-publish","hentry"],"_links":{"self":[{"href":"https:\/\/mujerdelreino.co\/index.php?rest_route=\/wp\/v2\/pages\/31","targetHints":{"allow":["GET"]}}],"collection":[{"href":"https:\/\/mujerdelreino.co\/index.php?rest_route=\/wp\/v2\/pages"}],"about":[{"href":"https:\/\/mujerdelreino.co\/index.php?rest_route=\/wp\/v2\/types\/page"}],"author":[{"embeddable":true,"href":"https:\/\/mujerdelreino.co\/index.php?rest_route=\/wp\/v2\/users\/1"}],"replies":[{"embeddable":true,"href":"https:\/\/mujerdelreino.co\/index.php?rest_route=%2Fwp%2Fv2%2Fcomments&post=31"}],"version-history":[{"count":0,"href":"https:\/\/mujerdelreino.co\/index.php?rest_route=\/wp\/v2\/pages\/31\/revisions"}],"wp:attachment":[{"href":"https:\/\/mujerdelreino.co\/index.php?rest_route=%2Fwp%2Fv2%2Fmedia&parent=31"}],"curies":[{"name":"wp","href":"https:\/\/api.w.org\/{rel}","templated":true}]}}